{"id":1000,"date":"2020-10-20T14:42:46","date_gmt":"2020-10-20T17:42:46","guid":{"rendered":"https:\/\/www.lpicomercial.com.br\/?post_type=product&#038;p=1000"},"modified":"2020-10-20T14:42:46","modified_gmt":"2020-10-20T17:42:46","slug":"rolamento-de-rolos-conicos-938-932-ztl","status":"publish","type":"product","link":"https:\/\/ztlrolamentos.com.br\/loja\/produto\/rolamento-de-rolos-conicos-938-932-ztl\/","title":{"rendered":"Rolamento De Rolos C\u00f4nicos 938\/932 &#8211; ZTL"},"content":{"rendered":"<p>Os rolamentos de rolos c\u00f4nicos t\u00eam pistas de anel interno e externo c\u00f4nicas e rolos c\u00f4nicos. Eles s\u00e3o adequados para suportar cargas combinadas, ou seja, cargas axiais e radiais atuando simultaneamente. As linhas de proje\u00e7\u00e3o das pistas se encontram em um ponto comum no eixo do rolamento para proporcionar uma a\u00e7\u00e3o de rolagem verdadeira e, portanto, poucos momentos de atrito durante a opera\u00e7\u00e3o.<\/p>\n<p>Marca: ZTL<br \/>\nC\u00f3digo da Pe\u00e7a: 938\/932<br \/>\nGrupo: Rolamento de Rolos C\u00f4nicos<br \/>\nAltura: 7.3 cm<br \/>\nLargura: 24.8 cm<br \/>\nComprimento: 24.8 cm<br \/>\nPeso : 10.253 kg<\/p>\n","protected":false},"excerpt":{"rendered":"<p>Os rolamentos de rolos c\u00f4nicos t\u00eam pistas de anel interno e externo c\u00f4nicas e rolos c\u00f4nicos. Eles s\u00e3o adequados para suportar cargas combinadas, ou seja, cargas axiais e radiais atuando simultaneamente. As linhas de proje\u00e7\u00e3o das pistas se encontram em um ponto comum no eixo do rolamento\u00a0para proporcionar uma a\u00e7\u00e3o de rolagem verdadeira e, portanto, poucos momentos de atrito durante a opera\u00e7\u00e3o.<\/p>\n","protected":false},"featured_media":1001,"comment_status":"open","ping_status":"closed","template":"","meta":{"_joinchat":[]},"product_brand":[],"product_cat":[148],"product_tag":[358,150,249],"class_list":{"0":"post-1000","1":"product","2":"type-product","3":"status-publish","4":"has-post-thumbnail","6":"product_cat-linha-pesada-conicos","7":"product_tag-938-932","8":"product_tag-rolamento","9":"product_tag-rolamentos","11":"first","12":"instock","13":"sale","14":"taxable","15":"shipping-taxable","16":"purchasable","17":"product-type-simple"},"_links":{"self":[{"href":"https:\/\/ztlrolamentos.com.br\/loja\/wp-json\/wp\/v2\/product\/1000","targetHints":{"allow":["GET"]}}],"collection":[{"href":"https:\/\/ztlrolamentos.com.br\/loja\/wp-json\/wp\/v2\/product"}],"about":[{"href":"https:\/\/ztlrolamentos.com.br\/loja\/wp-json\/wp\/v2\/types\/product"}],"replies":[{"embeddable":true,"href":"https:\/\/ztlrolamentos.com.br\/loja\/wp-json\/wp\/v2\/comments?post=1000"}],"wp:featuredmedia":[{"embeddable":true,"href":"https:\/\/ztlrolamentos.com.br\/loja\/wp-json\/wp\/v2\/media\/1001"}],"wp:attachment":[{"href":"https:\/\/ztlrolamentos.com.br\/loja\/wp-json\/wp\/v2\/media?parent=1000"}],"wp:term":[{"taxonomy":"product_brand","embeddable":true,"href":"https:\/\/ztlrolamentos.com.br\/loja\/wp-json\/wp\/v2\/product_brand?post=1000"},{"taxonomy":"product_cat","embeddable":true,"href":"https:\/\/ztlrolamentos.com.br\/loja\/wp-json\/wp\/v2\/product_cat?post=1000"},{"taxonomy":"product_tag","embeddable":true,"href":"https:\/\/ztlrolamentos.com.br\/loja\/wp-json\/wp\/v2\/product_tag?post=1000"}],"curies":[{"name":"wp","href":"https:\/\/api.w.org\/{rel}","templated":true}]}}