{"id":3,"date":"2020-05-14T13:09:22","date_gmt":"2020-05-14T13:09:22","guid":{"rendered":"https:\/\/www.lpicomercial.com.br\/?page_id=3"},"modified":"2020-07-20T13:29:51","modified_gmt":"2020-07-20T16:29:51","slug":"privacy-policy","status":"publish","type":"page","link":"https:\/\/ztlrolamentos.com.br\/loja\/privacy-policy\/","title":{"rendered":"Pol\u00edtica de Privacidade"},"content":{"rendered":"\n<p><em>Pol\u00edtica de Entrega<\/em><\/p>\n\n\n\n<p>O prazo para entrega dos produtos varia de acordo com o local, a forma de pagamento escolhida e a disponibilidade do produto adquirido.<\/p>\n\n\n\n<p>O prazo de entrega pode ser visualizado no campo <em>Prazo de Entrega<\/em>, dentro do carrinho de compras conforme abaixo:<\/p>\n\n\n\n<p>\u2022 Encontre o produto que procura;<\/p>\n\n\n\n<p>\u2022 Na p\u00e1gina do produto selecione Comprar;<\/p>\n\n\n\n<p>\u2022 Insira o CEP para o c\u00e1lculo.<\/p>\n\n\n\n<p>\u2022 Clique em calcular;<\/p>\n\n\n\n<p>\u2022 As informa\u00e7\u00f5es de frete e prazo de entrega ser\u00e3o informadas na tela.<\/p>\n\n\n\n<p>\u2022 Para recalcular o frete insira o CEP novamente.<\/p>\n\n\n\n<p>O Frete \u00e9 calculado de acordo com volume e peso dos produtos, portanto se for inserido novos produtos na sua compra haver\u00e1 altera\u00e7\u00e3o no valor do frete.<\/p>\n\n\n\n<p>PAC: At\u00e9 10 dias \u00fateis.<br>SEDEX: At\u00e9 6 dias \u00fateis.<\/p>\n\n\n\n<p>Aten\u00e7\u00e3o: O prazo para entrega do pedido passa a ser considerado a partir de sua aprova\u00e7\u00e3o do setor financeiro da LPI, ap\u00f3s a valida\u00e7\u00e3o dos dados cadastrais.<\/p>\n","protected":false},"excerpt":{"rendered":"<p>Pol\u00edtica de Entrega O prazo para entrega dos produtos varia de acordo com o local, a forma de pagamento escolhida e a disponibilidade do produto adquirido. O prazo de entrega pode ser visualizado no campo Prazo de Entrega, dentro do carrinho de compras conforme abaixo: \u2022 Encontre o produto que procura; \u2022 Na p\u00e1gina do produto selecione Comprar; \u2022 Insira o CEP para o c\u00e1lculo. \u2022 Clique em calcular; \u2022 As informa\u00e7\u00f5es de frete e prazo de entrega ser\u00e3o informadas na tela. \u2022 Para recalcular o frete insira o CEP novamente. O Frete \u00e9 calculado de acordo com volume e peso dos produtos, portanto se for inserido novos produtos na&hellip; <a class=\"read-more\" href=\"https:\/\/ztlrolamentos.com.br\/loja\/privacy-policy\/\">Leia Mais<\/a><\/p>\n","protected":false},"author":1,"featured_media":0,"parent":0,"menu_order":0,"comment_status":"closed","ping_status":"closed","template":"","meta":{"_joinchat":[],"footnotes":""},"class_list":["post-3","page","type-page","status-publish","hentry"],"_links":{"self":[{"href":"https:\/\/ztlrolamentos.com.br\/loja\/wp-json\/wp\/v2\/pages\/3","targetHints":{"allow":["GET"]}}],"collection":[{"href":"https:\/\/ztlrolamentos.com.br\/loja\/wp-json\/wp\/v2\/pages"}],"about":[{"href":"https:\/\/ztlrolamentos.com.br\/loja\/wp-json\/wp\/v2\/types\/page"}],"author":[{"embeddable":true,"href":"https:\/\/ztlrolamentos.com.br\/loja\/wp-json\/wp\/v2\/users\/1"}],"replies":[{"embeddable":true,"href":"https:\/\/ztlrolamentos.com.br\/loja\/wp-json\/wp\/v2\/comments?post=3"}],"version-history":[{"count":2,"href":"https:\/\/ztlrolamentos.com.br\/loja\/wp-json\/wp\/v2\/pages\/3\/revisions"}],"predecessor-version":[{"id":590,"href":"https:\/\/ztlrolamentos.com.br\/loja\/wp-json\/wp\/v2\/pages\/3\/revisions\/590"}],"wp:attachment":[{"href":"https:\/\/ztlrolamentos.com.br\/loja\/wp-json\/wp\/v2\/media?parent=3"}],"curies":[{"name":"wp","href":"https:\/\/api.w.org\/{rel}","templated":true}]}}