{"id":154,"date":"2020-05-22T13:45:59","date_gmt":"2020-05-22T13:45:59","guid":{"rendered":"https:\/\/www.lpicomercial.com.br\/?page_id=154"},"modified":"2020-07-20T13:31:04","modified_gmt":"2020-07-20T16:31:04","slug":"troca-e-devolucoes","status":"publish","type":"page","link":"https:\/\/ztlrolamentos.com.br\/loja\/troca-e-devolucoes\/","title":{"rendered":"Troca e Devolu\u00e7\u00f5es"},"content":{"rendered":"\n<p>Pol\u00edticas de cancelamento, devolu\u00e7\u00e3o e reembolso.<\/p>\n\n\n\n<p>1. A LPI COMERCIAL assegura ao ASSINANTE a possibilidade de cancelamento a qualquer tempo, mediante aviso pr\u00e9vio por parte do ASSINANTE por meio do acesso interno do ASSINANTE no site, ou formalizando diretamente pelo e mail de SAC da empresa, SAC@LPICOMERCIAL.COM.BR<\/p>\n\n\n\n<p>2. Ap\u00f3s a postagem, o ASSINANTE poder\u00e1 entrar em contato com o Servi\u00e7o de Atendimento ao Cliente, em at\u00e9 7 (sete) dias corridos ap\u00f3s a entrega, para a devolu\u00e7\u00e3o do Produto, devendo arcar com as despesas de postagem e processamento da devolu\u00e7\u00e3o.<\/p>\n\n\n\n<p>3. As devolu\u00e7\u00f5es por desist\u00eancia da compra ser\u00e3o aceitas caso o Produto n\u00e3o tenha sido utilizado, ou n\u00e3o correspondam ao Produto solicitado (erro operacional), devendo o mesmo se apresentar nas mesmas condi\u00e7\u00f5es em que foi recebido, sem haver viola\u00e7\u00e3o da embalagem ou ind\u00edcio de uso do Produto.<\/p>\n\n\n\n<p>4. Diante do n\u00e3o cumprimento das condi\u00e7\u00f5es estabelecidas acima, n\u00e3o ser\u00e1 aceita a devolu\u00e7\u00e3o do Produto.<\/p>\n\n\n\n<p>5. Em caso de devolu\u00e7\u00e3o, por defeito de fabrica\u00e7\u00e3o ou desist\u00eancia, em conformidade com as condi\u00e7\u00f5es acima, a restitui\u00e7\u00e3o do valor referente ao Produto devolvido ser\u00e1 feita em at\u00e9 30 dias corridos.<\/p>\n\n\n\n<p>6. Para outras d\u00favidas e esclarecimentos, o ASSINANTE poder\u00e1 em contato com a equipe LPI COMERCIAL pelo e-mail sac@ztlrolamentos.com.br (funcionamento de segunda a sexta das 8 \u00e0s 18 horas).<\/p>\n\n\n\n<p><\/p>\n","protected":false},"excerpt":{"rendered":"<p>Pol\u00edticas de cancelamento, devolu\u00e7\u00e3o e reembolso. 1. A LPI COMERCIAL assegura ao ASSINANTE a possibilidade de cancelamento a qualquer tempo, mediante aviso pr\u00e9vio por parte do ASSINANTE por meio do acesso interno do ASSINANTE no site, ou formalizando diretamente pelo e mail de SAC da empresa, SAC@LPICOMERCIAL.COM.BR 2. Ap\u00f3s a postagem, o ASSINANTE poder\u00e1 entrar em contato com o Servi\u00e7o de Atendimento ao Cliente, em at\u00e9 7 (sete) dias corridos ap\u00f3s a entrega, para a devolu\u00e7\u00e3o do Produto, devendo arcar com as despesas de postagem e processamento da devolu\u00e7\u00e3o. 3. As devolu\u00e7\u00f5es por desist\u00eancia da compra ser\u00e3o aceitas caso o Produto n\u00e3o tenha sido utilizado, ou n\u00e3o correspondam ao Produto&hellip; <a class=\"read-more\" href=\"https:\/\/ztlrolamentos.com.br\/loja\/troca-e-devolucoes\/\">Leia Mais<\/a><\/p>\n","protected":false},"author":1,"featured_media":0,"parent":0,"menu_order":0,"comment_status":"closed","ping_status":"closed","template":"","meta":{"_joinchat":[],"footnotes":""},"class_list":["post-154","page","type-page","status-publish","hentry"],"_links":{"self":[{"href":"https:\/\/ztlrolamentos.com.br\/loja\/wp-json\/wp\/v2\/pages\/154","targetHints":{"allow":["GET"]}}],"collection":[{"href":"https:\/\/ztlrolamentos.com.br\/loja\/wp-json\/wp\/v2\/pages"}],"about":[{"href":"https:\/\/ztlrolamentos.com.br\/loja\/wp-json\/wp\/v2\/types\/page"}],"author":[{"embeddable":true,"href":"https:\/\/ztlrolamentos.com.br\/loja\/wp-json\/wp\/v2\/users\/1"}],"replies":[{"embeddable":true,"href":"https:\/\/ztlrolamentos.com.br\/loja\/wp-json\/wp\/v2\/comments?post=154"}],"version-history":[{"count":2,"href":"https:\/\/ztlrolamentos.com.br\/loja\/wp-json\/wp\/v2\/pages\/154\/revisions"}],"predecessor-version":[{"id":591,"href":"https:\/\/ztlrolamentos.com.br\/loja\/wp-json\/wp\/v2\/pages\/154\/revisions\/591"}],"wp:attachment":[{"href":"https:\/\/ztlrolamentos.com.br\/loja\/wp-json\/wp\/v2\/media?parent=154"}],"curies":[{"name":"wp","href":"https:\/\/api.w.org\/{rel}","templated":true}]}}