{"id":114,"date":"2020-05-21T19:19:02","date_gmt":"2020-05-21T19:19:02","guid":{"rendered":"https:\/\/www.lpicomercial.com.br\/?page_id=114"},"modified":"2021-03-01T11:44:51","modified_gmt":"2021-03-01T14:44:51","slug":"contato","status":"publish","type":"page","link":"https:\/\/ztlrolamentos.com.br\/loja\/contato\/","title":{"rendered":"Contato"},"content":{"rendered":"\n<div class=\"wp-block-columns espacamento is-layout-flex wp-container-core-columns-is-layout-9d6595d7 wp-block-columns-is-layout-flex\">\n<div class=\"wp-block-column is-layout-flow wp-block-column-is-layout-flow\">\n<h3 class=\"wp-block-heading\">Fale Conosco<\/h3>\n\n\n\n<p>Segunda \u00e0 sexta: 08 \u00e0s 18h&nbsp;&#8211; S\u00e1bados: 08 \u00e0s 12h<\/p>\n\n\n\n<p><a href=\"mailto:VENDAS1@LPICOMERCIAL.COM.BR\">VENDAS1@LPICOMERCIAL.COM.BR<\/a><\/p>\n\n\n\n<p><a href=\"mailto:VENDAS2@LPICOMERCIAL.COM.BR\">VENDAS2@LPICOMERCIAL.COM.BR<\/a><\/p>\n\n\n\n<p><a href=\"mailto:CONTATO@LPICOMERCIAL.COM.BR\">CONTATO@LPICOMERCIAL.COM.BR<\/a><\/p>\n\n\n\n<p>(11) 2376-2274<\/p>\n\n\n\n<p>Rua Herculano de Freitas, 372 &#8211; Bairro Funda\u00e7\u00e3o <br>S\u00e3o Caetano do SUL &#8211; SP &#8211; CEP: 09520-270<\/p>\n\n\n\n<div class=\"wp-block-buttons is-layout-flex wp-block-buttons-is-layout-flex\">\n<div class=\"wp-block-button is-style-fill\"><a class=\"wp-block-button__link has-very-light-gray-color has-vivid-cyan-blue-background-color has-text-color has-background\" href=\"lp-pedidos?chat\" style=\"border-radius:5px\" target=\"_blank\" rel=\"noreferrer noopener\">SKYPE<\/a><\/div>\n<\/div>\n\n\n\n<p><\/p>\n<\/div>\n\n\n\n<div class=\"wp-block-column is-layout-flow wp-block-column-is-layout-flow\">\n<h3 class=\"wp-block-heading\">Mensagem<\/h3>\n\n\n<div class=\"wpforms-container wpforms-container-full wpforms-block\" id=\"wpforms-194\"><form id=\"wpforms-form-194\" class=\"wpforms-validate wpforms-form wpforms-ajax-form\" data-formid=\"194\" method=\"post\" enctype=\"multipart\/form-data\" action=\"\/loja\/wp-json\/wp\/v2\/pages\/114\" data-token=\"4711be8581127ad85c7bff86ddae8bab\" data-token-time=\"1777394606\"><noscript class=\"wpforms-error-noscript\">Ative o JavaScript no seu navegador para preencher este formul\u00e1rio.<\/noscript><div class=\"wpforms-field-container\"><div id=\"wpforms-194-field_5-container\" class=\"wpforms-field wpforms-field-name\" data-field-id=\"5\"><label class=\"wpforms-field-label wpforms-label-hide\" for=\"wpforms-194-field_5\">Nome <span class=\"wpforms-required-label\">*<\/span><\/label><input type=\"text\" id=\"wpforms-194-field_5\" class=\"wpforms-field-medium wpforms-field-required\" name=\"wpforms[fields][5]\" placeholder=\"Nome\" required><\/div><div id=\"wpforms-194-field_2-container\" class=\"wpforms-field wpforms-field-text\" data-field-id=\"2\"><label class=\"wpforms-field-label wpforms-label-hide\" for=\"wpforms-194-field_2\">Telefone<\/label><input type=\"text\" id=\"wpforms-194-field_2\" class=\"wpforms-field-medium\" name=\"wpforms[fields][2]\" placeholder=\"Telefone\" ><\/div><div id=\"wpforms-194-field_4-container\" class=\"wpforms-field wpforms-field-email\" data-field-id=\"4\"><label class=\"wpforms-field-label wpforms-label-hide\" for=\"wpforms-194-field_4\">E-mail <span class=\"wpforms-required-label\">*<\/span><\/label><input type=\"email\" id=\"wpforms-194-field_4\" class=\"wpforms-field-medium wpforms-field-required\" name=\"wpforms[fields][4]\" placeholder=\"E-mail\" spellcheck=\"false\" required><\/div><div id=\"wpforms-194-field_3-container\" class=\"wpforms-field wpforms-field-text\" data-field-id=\"3\"><label class=\"wpforms-field-label wpforms-label-hide\" for=\"wpforms-194-field_3\">N\u00ba do Pedido<\/label><input type=\"text\" id=\"wpforms-194-field_3\" class=\"wpforms-field-medium\" name=\"wpforms[fields][3]\" placeholder=\"N\u00ba do Pedido\" ><\/div><div id=\"wpforms-194-field_6-container\" class=\"wpforms-field wpforms-field-textarea\" data-field-id=\"6\"><label class=\"wpforms-field-label wpforms-label-hide\" for=\"wpforms-194-field_6\">Mensagem<\/label><textarea id=\"wpforms-194-field_6\" class=\"wpforms-field-medium\" name=\"wpforms[fields][6]\" placeholder=\"Mensagem\" ><\/textarea><\/div><\/div><!-- .wpforms-field-container --><div class=\"wpforms-field wpforms-field-hp\"><label for=\"wpforms-194-field-hp\" class=\"wpforms-field-label\">Email<\/label><input type=\"text\" name=\"wpforms[hp]\" id=\"wpforms-194-field-hp\" class=\"wpforms-field-medium\"><\/div><div class=\"wpforms-recaptcha-container wpforms-is-recaptcha wpforms-is-recaptcha-type-v2\" ><div class=\"g-recaptcha\" data-sitekey=\"6LdEpqwZAAAAAC9AHQ-2uu68opIdjOHnUACkw3A0\"><\/div><input type=\"text\" name=\"g-recaptcha-hidden\" class=\"wpforms-recaptcha-hidden\" style=\"position:absolute!important;clip:rect(0,0,0,0)!important;height:1px!important;width:1px!important;border:0!important;overflow:hidden!important;padding:0!important;margin:0!important;\" data-rule-recaptcha=\"1\"><\/div><div class=\"wpforms-submit-container\" ><input type=\"hidden\" name=\"wpforms[id]\" value=\"194\"><input type=\"hidden\" name=\"page_title\" value=\"\"><input type=\"hidden\" name=\"page_url\" value=\"https:\/\/ztlrolamentos.com.br\/loja\/wp-json\/wp\/v2\/pages\/114\"><input type=\"hidden\" name=\"url_referer\" value=\"\"><button type=\"submit\" name=\"wpforms[submit]\" id=\"wpforms-submit-194\" class=\"wpforms-submit\" data-alt-text=\"Enviando...\" data-submit-text=\"ENVIAR MENSAGEM\" aria-live=\"assertive\" value=\"wpforms-submit\">ENVIAR MENSAGEM<\/button><img loading=\"lazy\" decoding=\"async\" src=\"https:\/\/ztlrolamentos.com.br\/loja\/wp-content\/plugins\/wpforms-lite\/assets\/images\/submit-spin.svg\" class=\"wpforms-submit-spinner\" style=\"display: none;\" width=\"26\" height=\"26\" alt=\"Carregando\"><\/div><\/form><\/div>  <!-- .wpforms-container --><\/div>\n<\/div>\n\n\n\n<p><\/p>\n","protected":false},"excerpt":{"rendered":"<p>Fale Conosco Segunda \u00e0 sexta: 08 \u00e0s 18h&nbsp;&#8211; S\u00e1bados: 08 \u00e0s 12h VENDAS1@LPICOMERCIAL.COM.BR VENDAS2@LPICOMERCIAL.COM.BR CONTATO@LPICOMERCIAL.COM.BR (11) 2376-2274 Rua Herculano de Freitas, 372 &#8211; Bairro Funda\u00e7\u00e3o S\u00e3o Caetano do SUL &#8211; SP &#8211; CEP: 09520-270 Mensagem<\/p>\n","protected":false},"author":1,"featured_media":0,"parent":0,"menu_order":0,"comment_status":"closed","ping_status":"closed","template":"","meta":{"_joinchat":[],"footnotes":""},"class_list":["post-114","page","type-page","status-publish","hentry"],"_links":{"self":[{"href":"https:\/\/ztlrolamentos.com.br\/loja\/wp-json\/wp\/v2\/pages\/114","targetHints":{"allow":["GET"]}}],"collection":[{"href":"https:\/\/ztlrolamentos.com.br\/loja\/wp-json\/wp\/v2\/pages"}],"about":[{"href":"https:\/\/ztlrolamentos.com.br\/loja\/wp-json\/wp\/v2\/types\/page"}],"author":[{"embeddable":true,"href":"https:\/\/ztlrolamentos.com.br\/loja\/wp-json\/wp\/v2\/users\/1"}],"replies":[{"embeddable":true,"href":"https:\/\/ztlrolamentos.com.br\/loja\/wp-json\/wp\/v2\/comments?post=114"}],"version-history":[{"count":22,"href":"https:\/\/ztlrolamentos.com.br\/loja\/wp-json\/wp\/v2\/pages\/114\/revisions"}],"predecessor-version":[{"id":1393,"href":"https:\/\/ztlrolamentos.com.br\/loja\/wp-json\/wp\/v2\/pages\/114\/revisions\/1393"}],"wp:attachment":[{"href":"https:\/\/ztlrolamentos.com.br\/loja\/wp-json\/wp\/v2\/media?parent=114"}],"curies":[{"name":"wp","href":"https:\/\/api.w.org\/{rel}","templated":true}]}}