{"id":111,"date":"2020-05-21T19:17:20","date_gmt":"2020-05-21T19:17:20","guid":{"rendered":"https:\/\/www.lpicomercial.com.br\/?page_id=111"},"modified":"2020-07-08T13:12:56","modified_gmt":"2020-07-08T13:12:56","slug":"quem-somos","status":"publish","type":"page","link":"https:\/\/ztlrolamentos.com.br\/loja\/quem-somos\/","title":{"rendered":"Quem Somos"},"content":{"rendered":"\n<div class=\"wp-block-columns is-layout-flex wp-container-core-columns-is-layout-9d6595d7 wp-block-columns-is-layout-flex\">\n<div class=\"wp-block-column is-layout-flow wp-block-column-is-layout-flow\" style=\"flex-basis:66.66%\">\n<p>Nosso in\u00edcio no setor de reposi\u00e7\u00e3o de autope\u00e7as foi em 2000, oficializando todos esses anos de experi\u00eancia, foi criada a LPI COMERCIO DE AUTO PE\u00c7AS LTDA, com o objetivo de expandir nossos conhecimentos, e visando sempre melhor atender nossos clientes e empresas<\/p>\n\n\n\n<p>Com isso, estamos em constante busca de melhorar nossos servi\u00e7os, e, atento aos dias de hoje, lan\u00e7amos uma nova maneira de trabalhar: a&nbsp;<strong>LPI COMERCIAL <\/strong>; uma loja online, que tem por objetivo fornecer pe\u00e7as de reposi\u00e7\u00e3o novas, das melhores marcas, ao mercado automotivo, com qualidade e efici\u00eancia.<\/p>\n\n\n\n<p>Al\u00e9m disso, todos estes mais de 20 anos de experi\u00eancia nos torna profissionais de excel\u00eancia, colocando o atendimento r\u00e1pido, a credibilidade, o pre\u00e7o justo e efici\u00eancia em primeiro lugar para melhor atende-los. Visamos, com a&nbsp;<strong>LPI COMERCIAL<\/strong>, nos tornar uma empresa l\u00edder no segmento E-Commerce, a satisfa\u00e7\u00e3o de nossos clientes, o bom relacionamento com nossos fornecedores e o alto padr\u00e3o nos servi\u00e7os oferecidos.<\/p>\n\n\n\n<p><strong>Miss\u00e3o:<\/strong>&nbsp;Fornecer Pe\u00e7as de Reposi\u00e7\u00e3o Novas ao Mercado Automotivo, de Marcas Id\u00f4neas, com Qualidade e Efici\u00eancia Comprovada.<\/p>\n\n\n\n<p><strong>Valores:&nbsp;<\/strong>Profissionalismo, Experi\u00eancia de mais de 20 anos, Credibilidade, Responsabilidade, Pre\u00e7o Justo, Atendimento R\u00e1pido e Efici\u00eancia.<\/p>\n\n\n\n<p><strong><strong>Vis\u00e3o:&nbsp;<\/strong><\/strong>Tornar-se uma Empresa L\u00edder no segmento de E-Commerce, visando a Satisfa\u00e7\u00e3o de seus Clientes; o Bom Relacionamento com os Fornecedores e o Alto Padr\u00e3o nos Servi\u00e7os Oferecidos.<\/p>\n<\/div>\n\n\n\n<div class=\"wp-block-column is-layout-flow wp-block-column-is-layout-flow\" style=\"flex-basis:33.33%\">\n<figure class=\"wp-block-gallery columns-1 is-cropped wp-block-gallery-1 is-layout-flex wp-block-gallery-is-layout-flex\"><ul class=\"blocks-gallery-grid\"><li class=\"blocks-gallery-item\"><figure><img loading=\"lazy\" decoding=\"async\" width=\"960\" height=\"720\" src=\"https:\/\/www.lpicomercial.com.br\/wp-content\/uploads\/2020\/07\/LOGO-MARCA-ZTL.jpg\" alt=\"\" data-id=\"227\" data-full-url=\"https:\/\/www.lpicomercial.com.br\/wp-content\/uploads\/2020\/07\/LOGO-MARCA-ZTL.jpg\" data-link=\"https:\/\/www.lpicomercial.com.br\/quem-somos\/logo-marca-ztl\/\" class=\"wp-image-227\" srcset=\"https:\/\/ztlrolamentos.com.br\/loja\/wp-content\/uploads\/2020\/07\/LOGO-MARCA-ZTL.jpg 960w, https:\/\/ztlrolamentos.com.br\/loja\/wp-content\/uploads\/2020\/07\/LOGO-MARCA-ZTL-600x450.jpg 600w, https:\/\/ztlrolamentos.com.br\/loja\/wp-content\/uploads\/2020\/07\/LOGO-MARCA-ZTL-300x225.jpg 300w, https:\/\/ztlrolamentos.com.br\/loja\/wp-content\/uploads\/2020\/07\/LOGO-MARCA-ZTL-768x576.jpg 768w\" sizes=\"auto, (max-width: 960px) 100vw, 960px\" \/><\/figure><\/li><li class=\"blocks-gallery-item\"><figure><img loading=\"lazy\" decoding=\"async\" width=\"1024\" height=\"766\" src=\"https:\/\/www.lpicomercial.com.br\/wp-content\/uploads\/2020\/07\/PRODUTO-DE-ALTA-QUALIDADE.jpg\" alt=\"\" data-id=\"228\" data-full-url=\"https:\/\/www.lpicomercial.com.br\/wp-content\/uploads\/2020\/07\/PRODUTO-DE-ALTA-QUALIDADE.jpg\" data-link=\"https:\/\/www.lpicomercial.com.br\/quem-somos\/produto-de-alta-qualidade\/\" class=\"wp-image-228\" srcset=\"https:\/\/ztlrolamentos.com.br\/loja\/wp-content\/uploads\/2020\/07\/PRODUTO-DE-ALTA-QUALIDADE.jpg 1024w, https:\/\/ztlrolamentos.com.br\/loja\/wp-content\/uploads\/2020\/07\/PRODUTO-DE-ALTA-QUALIDADE-600x449.jpg 600w, https:\/\/ztlrolamentos.com.br\/loja\/wp-content\/uploads\/2020\/07\/PRODUTO-DE-ALTA-QUALIDADE-300x224.jpg 300w, https:\/\/ztlrolamentos.com.br\/loja\/wp-content\/uploads\/2020\/07\/PRODUTO-DE-ALTA-QUALIDADE-768x575.jpg 768w\" sizes=\"auto, (max-width: 1024px) 100vw, 1024px\" \/><\/figure><\/li><li class=\"blocks-gallery-item\"><figure><img loading=\"lazy\" decoding=\"async\" width=\"769\" height=\"464\" src=\"https:\/\/www.lpicomercial.com.br\/wp-content\/uploads\/2020\/07\/SATISFA\u00c7\u00c3O-E-MELHORES-PRE\u00c7OS.jpg\" alt=\"\" data-id=\"229\" data-full-url=\"https:\/\/www.lpicomercial.com.br\/wp-content\/uploads\/2020\/07\/SATISFA\u00c7\u00c3O-E-MELHORES-PRE\u00c7OS.jpg\" data-link=\"https:\/\/www.lpicomercial.com.br\/quem-somos\/satisfacao-e-melhores-precos\/\" class=\"wp-image-229\" srcset=\"https:\/\/ztlrolamentos.com.br\/loja\/wp-content\/uploads\/2020\/07\/SATISFA\u00c7\u00c3O-E-MELHORES-PRE\u00c7OS.jpg 769w, https:\/\/ztlrolamentos.com.br\/loja\/wp-content\/uploads\/2020\/07\/SATISFA\u00c7\u00c3O-E-MELHORES-PRE\u00c7OS-600x362.jpg 600w, https:\/\/ztlrolamentos.com.br\/loja\/wp-content\/uploads\/2020\/07\/SATISFA\u00c7\u00c3O-E-MELHORES-PRE\u00c7OS-300x181.jpg 300w\" sizes=\"auto, (max-width: 769px) 100vw, 769px\" \/><\/figure><\/li><\/ul><\/figure>\n<\/div>\n<\/div>\n","protected":false},"excerpt":{"rendered":"<p>Nosso in\u00edcio no setor de reposi\u00e7\u00e3o de autope\u00e7as foi em 2000, oficializando todos esses anos de experi\u00eancia, foi criada a LPI COMERCIO DE AUTO PE\u00c7AS LTDA, com o objetivo de expandir nossos conhecimentos, e visando sempre melhor atender nossos clientes e empresas Com isso, estamos em constante busca de melhorar nossos servi\u00e7os, e, atento aos dias de hoje, lan\u00e7amos uma nova maneira de trabalhar: a&nbsp;LPI COMERCIAL ; uma loja online, que tem por objetivo fornecer pe\u00e7as de reposi\u00e7\u00e3o novas, das melhores marcas, ao mercado automotivo, com qualidade e efici\u00eancia. Al\u00e9m disso, todos estes mais de 20 anos de experi\u00eancia nos torna profissionais de excel\u00eancia, colocando o atendimento r\u00e1pido, a credibilidade,&hellip; <a class=\"read-more\" href=\"https:\/\/ztlrolamentos.com.br\/loja\/quem-somos\/\">Leia Mais<\/a><\/p>\n","protected":false},"author":1,"featured_media":0,"parent":0,"menu_order":0,"comment_status":"closed","ping_status":"closed","template":"","meta":{"_joinchat":[],"footnotes":""},"class_list":["post-111","page","type-page","status-publish","hentry"],"_links":{"self":[{"href":"https:\/\/ztlrolamentos.com.br\/loja\/wp-json\/wp\/v2\/pages\/111","targetHints":{"allow":["GET"]}}],"collection":[{"href":"https:\/\/ztlrolamentos.com.br\/loja\/wp-json\/wp\/v2\/pages"}],"about":[{"href":"https:\/\/ztlrolamentos.com.br\/loja\/wp-json\/wp\/v2\/types\/page"}],"author":[{"embeddable":true,"href":"https:\/\/ztlrolamentos.com.br\/loja\/wp-json\/wp\/v2\/users\/1"}],"replies":[{"embeddable":true,"href":"https:\/\/ztlrolamentos.com.br\/loja\/wp-json\/wp\/v2\/comments?post=111"}],"version-history":[{"count":5,"href":"https:\/\/ztlrolamentos.com.br\/loja\/wp-json\/wp\/v2\/pages\/111\/revisions"}],"predecessor-version":[{"id":231,"href":"https:\/\/ztlrolamentos.com.br\/loja\/wp-json\/wp\/v2\/pages\/111\/revisions\/231"}],"wp:attachment":[{"href":"https:\/\/ztlrolamentos.com.br\/loja\/wp-json\/wp\/v2\/media?parent=111"}],"curies":[{"name":"wp","href":"https:\/\/api.w.org\/{rel}","templated":true}]}}